{"id":4055,"date":"2016-02-26T13:32:49","date_gmt":"2016-02-26T12:32:49","guid":{"rendered":"http:\/\/www.capcargo.com\/?page_id=4055"},"modified":"2020-08-11T08:08:25","modified_gmt":"2020-08-11T06:08:25","slug":"business-consultant-transport-logistik","status":"publish","type":"page","link":"http:\/\/test.capcargo.com\/en\/business-consultant-transport-logistik\/","title":{"rendered":"Business Consultant \/ Berater Transport &#038; Logistik"},"content":{"rendered":"<p><div class=\"fusion-fullwidth fullwidth-box fusion-builder-row-1 hundred-percent-fullwidth non-hundred-percent-height-scrolling\" style=\"background-color: #ffffff;background-position: center center;background-repeat: no-repeat;padding-top:0px;padding-right:0px;padding-bottom:0px;padding-left:0px;margin-bottom: 0px;margin-top: 0px;border-width: 0px 0px 0px 0px;border-color:#eae9e9;border-style:solid;\" ><div class=\"fusion-builder-row fusion-row\"><div class=\"fusion-layout-column fusion_builder_column fusion-builder-column-0 fusion_builder_column_1_2 1_2 fusion-one-half fusion-column-first\" style=\"width:50%;width:calc(50% - ( ( 4% ) * 0.5 ) );margin-right: 4%;margin-top:0px;margin-bottom:0px;\"><div class=\"fusion-column-wrapper fusion-flex-column-wrapper-legacy\" style=\"background-position:left top;background-repeat:no-repeat;-webkit-background-size:cover;-moz-background-size:cover;-o-background-size:cover;background-size:cover;padding: 0px 0px 0px 0px;\"><div class=\"fusion-text fusion-text-1\"><h4><strong>Ihr Profil<\/strong><\/h4>\n<ul>\n<li>Ausbildung zum Speditionskaufmann\/Frau oder \u00e4hnliche Ausbildung im Bereich Logistik mit einigen Jahren Berufserfahrung in der Speditionsbranche <u>or<\/u><\/li>\n<li>Studium im Bereich Wirtschaftsinformatik, Kenntnisse von ERP Systemen (Microsoft Dynamics AX oder SAP) von Vorteil<\/li>\n<li>Erfahrung mit Logistik-Applikationen und IT-Projekten (von Vorteil)<\/li>\n<li>Fundiertes technisches Verst\u00e4ndnis von IT-Systemen oder Software-Entwicklungserfahrungen<\/li>\n<li>Sehr gute Deutsch- und Englischkenntnisse, jede weitere Sprache von Vorteil<\/li>\n<li>Bereitschaft zur Reiset\u00e4tigkeit im Rahmen von Kundenprojekten<\/li>\n<li>Hohe Selbst\u00e4ndigkeit, Initiative und Belastbarkeit<\/li>\n<li>Junge, dynamische und kommunikative Pers\u00f6nlichkeit, idealerweise zwischen 25-35 Jahre<\/li>\n<\/ul>\n<\/div><div class=\"fusion-clearfix\"><\/div><\/div><\/div><div class=\"fusion-layout-column fusion_builder_column fusion-builder-column-1 fusion_builder_column_1_2 1_2 fusion-one-half fusion-column-last\" style=\"width:50%;width:calc(50% - ( ( 4% ) * 0.5 ) );margin-top:0px;margin-bottom:0px;\"><div class=\"fusion-column-wrapper fusion-flex-column-wrapper-legacy\" style=\"background-position:left top;background-repeat:no-repeat;-webkit-background-size:cover;-moz-background-size:cover;-o-background-size:cover;background-size:cover;padding: 0px 0px 0px 0px;\"><div class=\"fusion-text fusion-text-2\"><h4><strong>Ihre Aufgaben<\/strong><\/h4>\n<ul>\n<li>Implementierung und Rollout der CAPcargo Standard Software in unseren internationalen Kundenprojekten<\/li>\n<li>Erfassen und Verstehen der Kundenanforderungen (Prozesse) und Transformation in die Systemsprache<\/li>\n<li>Beratung unserer Kunden bez\u00fcglich ihrer Anforderungen im Logistikbereich<\/li>\n<li>Analyse, Konzeption und Design von Applikationserweiterungen<\/li>\n<li>Abnahme von Softwareentwicklungen und Dokumentationen<\/li>\n<li>Koordination der Arbeitsschritte mit Kunden und lokalen Partnern<\/li>\n<\/ul>\n<\/div><div class=\"fusion-clearfix\"><\/div><\/div><\/div><\/div><\/div><div class=\"fusion-fullwidth fullwidth-box fusion-builder-row-2 hundred-percent-fullwidth non-hundred-percent-height-scrolling\" style=\"background-color: #ffffff;background-position: center center;background-repeat: no-repeat;padding-top:0px;padding-right:0px;padding-bottom:0px;padding-left:0px;margin-bottom: 0px;margin-top: 0px;border-width: 0px 0px 0px 0px;border-color:#eae9e9;border-style:solid;\" ><div class=\"fusion-builder-row fusion-row\"><div class=\"fusion-layout-column fusion_builder_column fusion-builder-column-2 fusion_builder_column_1_1 1_1 fusion-one-full fusion-column-first fusion-column-last\" style=\"margin-top:0px;margin-bottom:0px;\"><div class=\"fusion-column-wrapper fusion-flex-column-wrapper-legacy\" style=\"background-position:left top;background-repeat:no-repeat;-webkit-background-size:cover;-moz-background-size:cover;-o-background-size:cover;background-size:cover;padding: 0px 0px 0px 0px;\"><div class=\"fusion-text fusion-text-3\"><h4><strong>Unser Angebot<\/strong><\/h4>\n<p>Dank einer sorgf\u00e4ltigen Einf\u00fchrung werden Sie Schritt f\u00fcr Schritt an Ihre neue T\u00e4tigkeit herangef\u00fchrt. Sie haben weiter direkt die M\u00f6glichkeit aktiv an der Weiterentwicklung unserer Produkte mitzuarbeiten. Die hohe Benutzerfreundlichkeit, Stabilit\u00e4t und die tiefe Integration in Microsoft Dynamics AX stehen dabei im Zentrum. Kurze Entscheidungswege, initiative Mitarbeiter und N\u00e4he zu Kunden und Markt sind f\u00fcr uns wichtige Erfolgsfaktoren.<\/p>\n<p>Die Breite der T\u00e4tigkeiten garantiert eine berufliche Herausforderung, ich welcher Routine ein Fremdwort bleiben wird. Gute Anstellungsbedingungen, angenehme B\u00fcror\u00e4umlichkeiten und ein vorw\u00e4rtsstrebendes Team runden das Angebot ab.<\/p>\n<\/div><style type='text\/css'>.reading-box-container-1 .element-bottomshadow:before,.reading-box-container-1 .element-bottomshadow:after{opacity:0.70;}<\/style><div class=\"fusion-reading-box-container reading-box-container-1\" style=\"margin-top:10px;margin-bottom:10px;\"><div class=\"reading-box\" style=\"background-color:#f6f6f6;border-width:0px;border-color:#f6f6f6;border-style:solid;\"><h2>Interessiert?<br \/>\nDann m\u00f6chten wir Sie gerne kennen lernen und freuen uns auf Ihre elektronische Bewerbung.<\/h2><div class=\"reading-box-additional fusion-reading-box-additional\">\n<h3>CAPcargo AG \u2013 Ifangstrasse 12 \u2013 8302 Kloten<br \/>\njobs@capcargo.com<\/h3>\n<\/div><div class=\"fusion-clearfix\"><\/div><\/div><\/div><style type=\"text\/css\"><\/style><div class=\"fusion-title title fusion-title-1 fusion-sep-none fusion-title-text fusion-title-size-two\" style=\"margin-top:0px;margin-right:0px;margin-bottom:10px;margin-left:0px;\"><h2 class=\"title-heading-left\" style=\"margin:0;\"><h2 style=\"text-align: left;\">Arbeitgeber CAPcargo AG<\/h2><\/h2><\/div><div class=\"fusion-text fusion-text-4\"><p>Die CAPcargo AG ist ein international erfolgreicher Hersteller einer Betriebssoftware f\u00fcr Transport-, Logistik- und Handels-\/Produktionsunternehmen mit Sitz in Kloten. Die in die ERP-Plattform Microsoft Dynamics AX eingebettete vertikale L\u00f6sung deckt s\u00e4mtliche Gesch\u00e4ftsprozesse von Transport-\/Logistikunternehmen ab. Durch die schnittstellenfreie Einbindung in ein ERP-System ergeben sich f\u00fcr die Kunden einzigartige Vorteile. Die CAPcargo-Produkte sind mit dem G\u00fctesiegel \u201ecertified for Microsoft Dynamics\u201c ausgezeichnet.<\/p>\n<\/div><div class=\"fusion-clearfix\"><\/div><\/div><\/div><\/div><\/div><div class=\"fusion-fullwidth fullwidth-box fusion-builder-row-3 hundred-percent-fullwidth non-hundred-percent-height-scrolling\" style=\"background-color: #ffffff;background-position: center center;background-repeat: no-repeat;padding-top:0px;padding-right:0px;padding-bottom:0px;padding-left:0px;margin-bottom: 0px;margin-top: 0px;border-width: 0px 0px 0px 0px;border-color:#eae9e9;border-style:solid;\" ><div class=\"fusion-builder-row fusion-row\"><div class=\"fusion-layout-column fusion_builder_column fusion-builder-column-3 fusion_builder_column_1_1 1_1 fusion-one-full fusion-column-first fusion-column-last\" style=\"margin-top:0px;margin-bottom:0px;\"><div class=\"fusion-column-wrapper fusion-flex-column-wrapper-legacy\" style=\"background-position:left top;background-repeat:no-repeat;-webkit-background-size:cover;-moz-background-size:cover;-o-background-size:cover;background-size:cover;padding: 0px 0px 0px 0px;\"><div class=\"fusion-aligncenter\"><style type=\"text\/css\">.fusion-button.button-1 {border-radius:0px;}<\/style><a class=\"fusion-button button-flat button-xlarge button-default button-1 fusion-button-default-span fusion-button-default-type\" target=\"_self\" href=\"http:\/\/test.capcargo.com\/en\/jobs-career-switzerland\/\"><span class=\"fusion-button-text\">All open positions<\/span><\/a><\/div><div class=\"fusion-clearfix\"><\/div><\/div><\/div><\/div><\/div><\/p>","protected":false},"excerpt":{"rendered":"","protected":false},"author":1,"featured_media":0,"parent":0,"menu_order":0,"comment_status":"closed","ping_status":"closed","template":"100-width.php","meta":{"footnotes":""},"class_list":["post-4055","page","type-page","status-publish","hentry"],"yoast_head":"<!-- This site is optimized with the Yoast SEO plugin v26.4 - https:\/\/yoast.com\/wordpress\/plugins\/seo\/ -->\n<title>Business Consultant \/ Berater Transport &amp; Logistik - CAPcargo AG<\/title>\n<meta name=\"description\" content=\"Suchen Sie eine neue Herausforderung? M\u00f6chten Sie in einem international t\u00e4tigem Unternehmen agieren? Wir freuen uns Sie kennenzulernen.\" \/>\n<meta name=\"robots\" content=\"index, follow, max-snippet:-1, max-image-preview:large, max-video-preview:-1\" \/>\n<link rel=\"canonical\" href=\"http:\/\/test.capcargo.com\/en\/business-consultant-transport-logistik\/\" \/>\n<meta property=\"og:locale\" content=\"en_GB\" \/>\n<meta property=\"og:type\" content=\"article\" \/>\n<meta property=\"og:title\" content=\"Business Consultant \/ Berater Transport &amp; Logistik - CAPcargo AG\" \/>\n<meta property=\"og:description\" content=\"Suchen Sie eine neue Herausforderung? M\u00f6chten Sie in einem international t\u00e4tigem Unternehmen agieren? Wir freuen uns Sie kennenzulernen.\" \/>\n<meta property=\"og:url\" content=\"http:\/\/test.capcargo.com\/en\/business-consultant-transport-logistik\/\" \/>\n<meta property=\"og:site_name\" content=\"CAPcargo AG\" \/>\n<meta property=\"article:publisher\" content=\"https:\/\/www.facebook.com\/CAPcargo-AG-148899175228689\/?__tn__=%2cd%2cP-R&amp;amp%3bamp%3bamp%3beid=ARDajVEENqGP07-hP2FbjlVQPnzMXxJ48es9a5k0-szcxZVzSmlPMU8fVJFjQf0I6Nm3DS3oS-5voKoW\" \/>\n<meta property=\"article:modified_time\" content=\"2020-08-11T06:08:25+00:00\" \/>\n<meta property=\"og:image\" content=\"http:\/\/test.capcargo.com\/wp-content\/uploads\/2019\/02\/logo-2-cmyk-e1550850224855.jpg\" \/>\n\t<meta property=\"og:image:width\" content=\"250\" \/>\n\t<meta property=\"og:image:height\" content=\"57\" \/>\n\t<meta property=\"og:image:type\" content=\"image\/jpeg\" \/>\n<meta name=\"twitter:card\" content=\"summary_large_image\" \/>\n<meta name=\"twitter:label1\" content=\"Estimated reading time\" \/>\n\t<meta name=\"twitter:data1\" content=\"8 minutes\" \/>\n<script type=\"application\/ld+json\" class=\"yoast-schema-graph\">{\"@context\":\"https:\/\/schema.org\",\"@graph\":[{\"@type\":\"WebPage\",\"@id\":\"http:\/\/test.capcargo.com\/business-consultant-transport-logistik\/\",\"url\":\"http:\/\/test.capcargo.com\/business-consultant-transport-logistik\/\",\"name\":\"Business Consultant \/ Berater Transport & Logistik - CAPcargo AG\",\"isPartOf\":{\"@id\":\"http:\/\/test.capcargo.com\/#website\"},\"datePublished\":\"2016-02-26T12:32:49+00:00\",\"dateModified\":\"2020-08-11T06:08:25+00:00\",\"description\":\"Suchen Sie eine neue Herausforderung? M\u00f6chten Sie in einem international t\u00e4tigem Unternehmen agieren? Wir freuen uns Sie kennenzulernen.\",\"breadcrumb\":{\"@id\":\"http:\/\/test.capcargo.com\/business-consultant-transport-logistik\/#breadcrumb\"},\"inLanguage\":\"en-GB\",\"potentialAction\":[{\"@type\":\"ReadAction\",\"target\":[\"http:\/\/test.capcargo.com\/business-consultant-transport-logistik\/\"]}]},{\"@type\":\"BreadcrumbList\",\"@id\":\"http:\/\/test.capcargo.com\/business-consultant-transport-logistik\/#breadcrumb\",\"itemListElement\":[{\"@type\":\"ListItem\",\"position\":1,\"name\":\"Startseite\",\"item\":\"http:\/\/test.capcargo.com\/\"},{\"@type\":\"ListItem\",\"position\":2,\"name\":\"Business Consultant \/ Berater Transport &#038; Logistik\"}]},{\"@type\":\"WebSite\",\"@id\":\"http:\/\/test.capcargo.com\/#website\",\"url\":\"http:\/\/test.capcargo.com\/\",\"name\":\"CAPcargo AG\",\"description\":\"Consulting and Software Applications for cargo industry\",\"publisher\":{\"@id\":\"http:\/\/test.capcargo.com\/#organization\"},\"potentialAction\":[{\"@type\":\"SearchAction\",\"target\":{\"@type\":\"EntryPoint\",\"urlTemplate\":\"http:\/\/test.capcargo.com\/?s={search_term_string}\"},\"query-input\":{\"@type\":\"PropertyValueSpecification\",\"valueRequired\":true,\"valueName\":\"search_term_string\"}}],\"inLanguage\":\"en-GB\"},{\"@type\":\"Organization\",\"@id\":\"http:\/\/test.capcargo.com\/#organization\",\"name\":\"CAPcargo AG\",\"url\":\"http:\/\/test.capcargo.com\/\",\"logo\":{\"@type\":\"ImageObject\",\"inLanguage\":\"en-GB\",\"@id\":\"http:\/\/test.capcargo.com\/#\/schema\/logo\/image\/\",\"url\":\"http:\/\/test.capcargo.com\/wp-content\/uploads\/2016\/08\/logo-1-rgb.jpg-40-skaliert-e1537188352869.jpg\",\"contentUrl\":\"http:\/\/test.capcargo.com\/wp-content\/uploads\/2016\/08\/logo-1-rgb.jpg-40-skaliert-e1537188352869.jpg\",\"width\":150,\"height\":35,\"caption\":\"CAPcargo AG\"},\"image\":{\"@id\":\"http:\/\/test.capcargo.com\/#\/schema\/logo\/image\/\"},\"sameAs\":[\"https:\/\/www.facebook.com\/CAPcargo-AG-148899175228689\/?__tn__=,d,P-R&amp;amp;amp;eid=ARDajVEENqGP07-hP2FbjlVQPnzMXxJ48es9a5k0-szcxZVzSmlPMU8fVJFjQf0I6Nm3DS3oS-5voKoW\",\"https:\/\/www.linkedin.com\/company\/capcargo-ag\/?viewAsMember=true\"]}]}<\/script>\n<!-- \/ Yoast SEO plugin. -->","yoast_head_json":{"title":"Business Consultant \/ Berater Transport & Logistik - CAPcargo AG","description":"Suchen Sie eine neue Herausforderung? M\u00f6chten Sie in einem international t\u00e4tigem Unternehmen agieren? Wir freuen uns Sie kennenzulernen.","robots":{"index":"index","follow":"follow","max-snippet":"max-snippet:-1","max-image-preview":"max-image-preview:large","max-video-preview":"max-video-preview:-1"},"canonical":"http:\/\/test.capcargo.com\/en\/business-consultant-transport-logistik\/","og_locale":"en_GB","og_type":"article","og_title":"Business Consultant \/ Berater Transport & Logistik - CAPcargo AG","og_description":"Suchen Sie eine neue Herausforderung? M\u00f6chten Sie in einem international t\u00e4tigem Unternehmen agieren? Wir freuen uns Sie kennenzulernen.","og_url":"http:\/\/test.capcargo.com\/en\/business-consultant-transport-logistik\/","og_site_name":"CAPcargo AG","article_publisher":"https:\/\/www.facebook.com\/CAPcargo-AG-148899175228689\/?__tn__=%2cd%2cP-R&amp%3bamp%3bamp%3beid=ARDajVEENqGP07-hP2FbjlVQPnzMXxJ48es9a5k0-szcxZVzSmlPMU8fVJFjQf0I6Nm3DS3oS-5voKoW","article_modified_time":"2020-08-11T06:08:25+00:00","og_image":[{"width":250,"height":57,"url":"http:\/\/test.capcargo.com\/wp-content\/uploads\/2019\/02\/logo-2-cmyk-e1550850224855.jpg","type":"image\/jpeg"}],"twitter_card":"summary_large_image","twitter_misc":{"Estimated reading time":"8 minutes"},"schema":{"@context":"https:\/\/schema.org","@graph":[{"@type":"WebPage","@id":"http:\/\/test.capcargo.com\/business-consultant-transport-logistik\/","url":"http:\/\/test.capcargo.com\/business-consultant-transport-logistik\/","name":"Business Consultant \/ Berater Transport & Logistik - CAPcargo AG","isPartOf":{"@id":"http:\/\/test.capcargo.com\/#website"},"datePublished":"2016-02-26T12:32:49+00:00","dateModified":"2020-08-11T06:08:25+00:00","description":"Suchen Sie eine neue Herausforderung? M\u00f6chten Sie in einem international t\u00e4tigem Unternehmen agieren? Wir freuen uns Sie kennenzulernen.","breadcrumb":{"@id":"http:\/\/test.capcargo.com\/business-consultant-transport-logistik\/#breadcrumb"},"inLanguage":"en-GB","potentialAction":[{"@type":"ReadAction","target":["http:\/\/test.capcargo.com\/business-consultant-transport-logistik\/"]}]},{"@type":"BreadcrumbList","@id":"http:\/\/test.capcargo.com\/business-consultant-transport-logistik\/#breadcrumb","itemListElement":[{"@type":"ListItem","position":1,"name":"Startseite","item":"http:\/\/test.capcargo.com\/"},{"@type":"ListItem","position":2,"name":"Business Consultant \/ Berater Transport &#038; Logistik"}]},{"@type":"WebSite","@id":"http:\/\/test.capcargo.com\/#website","url":"http:\/\/test.capcargo.com\/","name":"CAPcargo AG","description":"Consulting and Software Applications for cargo industry","publisher":{"@id":"http:\/\/test.capcargo.com\/#organization"},"potentialAction":[{"@type":"SearchAction","target":{"@type":"EntryPoint","urlTemplate":"http:\/\/test.capcargo.com\/?s={search_term_string}"},"query-input":{"@type":"PropertyValueSpecification","valueRequired":true,"valueName":"search_term_string"}}],"inLanguage":"en-GB"},{"@type":"Organization","@id":"http:\/\/test.capcargo.com\/#organization","name":"CAPcargo AG","url":"http:\/\/test.capcargo.com\/","logo":{"@type":"ImageObject","inLanguage":"en-GB","@id":"http:\/\/test.capcargo.com\/#\/schema\/logo\/image\/","url":"http:\/\/test.capcargo.com\/wp-content\/uploads\/2016\/08\/logo-1-rgb.jpg-40-skaliert-e1537188352869.jpg","contentUrl":"http:\/\/test.capcargo.com\/wp-content\/uploads\/2016\/08\/logo-1-rgb.jpg-40-skaliert-e1537188352869.jpg","width":150,"height":35,"caption":"CAPcargo AG"},"image":{"@id":"http:\/\/test.capcargo.com\/#\/schema\/logo\/image\/"},"sameAs":["https:\/\/www.facebook.com\/CAPcargo-AG-148899175228689\/?__tn__=,d,P-R&amp;amp;amp;eid=ARDajVEENqGP07-hP2FbjlVQPnzMXxJ48es9a5k0-szcxZVzSmlPMU8fVJFjQf0I6Nm3DS3oS-5voKoW","https:\/\/www.linkedin.com\/company\/capcargo-ag\/?viewAsMember=true"]}]}},"_links":{"self":[{"href":"http:\/\/test.capcargo.com\/en\/wp-json\/wp\/v2\/pages\/4055","targetHints":{"allow":["GET"]}}],"collection":[{"href":"http:\/\/test.capcargo.com\/en\/wp-json\/wp\/v2\/pages"}],"about":[{"href":"http:\/\/test.capcargo.com\/en\/wp-json\/wp\/v2\/types\/page"}],"author":[{"embeddable":true,"href":"http:\/\/test.capcargo.com\/en\/wp-json\/wp\/v2\/users\/1"}],"replies":[{"embeddable":true,"href":"http:\/\/test.capcargo.com\/en\/wp-json\/wp\/v2\/comments?post=4055"}],"version-history":[{"count":30,"href":"http:\/\/test.capcargo.com\/en\/wp-json\/wp\/v2\/pages\/4055\/revisions"}],"predecessor-version":[{"id":9938,"href":"http:\/\/test.capcargo.com\/en\/wp-json\/wp\/v2\/pages\/4055\/revisions\/9938"}],"wp:attachment":[{"href":"http:\/\/test.capcargo.com\/en\/wp-json\/wp\/v2\/media?parent=4055"}],"curies":[{"name":"wp","href":"https:\/\/api.w.org\/{rel}","templated":true}]}}