{"id":7040,"date":"2019-04-07T21:16:13","date_gmt":"2019-04-07T19:16:13","guid":{"rendered":"http:\/\/test.capcargo.com\/?page_id=7040"},"modified":"2020-08-07T14:33:51","modified_gmt":"2020-08-07T12:33:51","slug":"jobs-career-switzerland","status":"publish","type":"page","link":"http:\/\/test.capcargo.com\/en\/jobs-career-switzerland\/","title":{"rendered":"Jobs \/ Career Switzerland"},"content":{"rendered":"<div class=\"fusion-fullwidth fullwidth-box fusion-builder-row-1 hundred-percent-fullwidth non-hundred-percent-height-scrolling\" style=\"background-color: #ffffff;background-position: center center;background-repeat: no-repeat;padding-top:0px;padding-right:0px;padding-bottom:0px;padding-left:0px;margin-bottom: 0px;margin-top: 0px;border-width: 0px 0px 0px 0px;border-color:#eae9e9;border-style:solid;\" ><div class=\"fusion-builder-row fusion-row\"><div class=\"fusion-layout-column fusion_builder_column fusion-builder-column-0 fusion_builder_column_3_5 3_5 fusion-three-fifth fusion-column-first\" style=\"width:60%;width:calc(60% - ( ( 4% ) * 0.6 ) );margin-right: 4%;margin-top:0px;margin-bottom:0px;\"><div class=\"fusion-column-wrapper fusion-flex-column-wrapper-legacy\" style=\"background-position:left top;background-repeat:no-repeat;-webkit-background-size:cover;-moz-background-size:cover;-o-background-size:cover;background-size:cover;padding: 0px 0px 0px 0px;\"><style type=\"text\/css\"><\/style><div class=\"fusion-title title fusion-title-1 fusion-sep-none fusion-title-text fusion-title-size-one\" style=\"margin-top:0px;margin-right:0px;margin-bottom:10px;margin-left:0px;\"><h1 class=\"title-heading-left\" style=\"margin:0;\"><h2><strong>Business Consultant \/ Berater Transport &amp; Logistik<\/strong><\/h2><\/h1><\/div><div class=\"fusion-text fusion-text-1\"><h4>Ihre Aufgaben<\/h4>\n<ul>\n<li>Implementierung und Rollout der CAPcargo Standard Software in unseren internationalen Kundenprojekten<\/li>\n<li>Erfassen und Verstehen der Kundenanforderungen (Prozesse) und Transformation in die Systemsprache<\/li>\n<li>Beratung unserer Kunden bez\u00fcglich ihrer Anforderungen im Logistikbereich<\/li>\n<li>Analyse, Konzeption und Design von Applikationserweiterungen<\/li>\n<li>Abnahme von Softwareentwicklungen und Dokumentationen<\/li>\n<li>Koordination der Arbeitsschritte mit Kunden und lokalen Partnern \u2026\u2026\u2026\u2026.<\/li>\n<\/ul>\n<\/div><div class=\"fusion-clearfix\"><\/div><\/div><\/div><div class=\"fusion-layout-column fusion_builder_column fusion-builder-column-1 fusion_builder_column_2_5 2_5 fusion-two-fifth fusion-column-last\" style=\"width:40%;width:calc(40% - ( ( 4% ) * 0.4 ) );margin-top:50px;margin-bottom:0px;\"><div class=\"fusion-column-wrapper fusion-flex-column-wrapper-legacy\" style=\"background-position:left top;background-repeat:no-repeat;-webkit-background-size:cover;-moz-background-size:cover;-o-background-size:cover;background-size:cover;padding: 0px 0px 0px 0px;\"><style type=\"text\/css\"><\/style><div class=\"fusion-title title fusion-title-2 fusion-sep-none fusion-title-text fusion-title-size-one\" style=\"margin-top:0px;margin-right:0px;margin-bottom:10px;margin-left:0px;\"><h1 class=\"title-heading-left\" style=\"margin:0;\"><h3><strong>For more Information please visit:<\/strong><\/h3><\/h1><\/div><div class=\"fusion-button-wrapper\"><style type=\"text\/css\">.fusion-button.button-1 {border-radius:0px;}<\/style><a class=\"fusion-button button-flat button-xlarge button-default button-1 fusion-button-default-span fusion-button-default-type\" target=\"_self\" href=\"http:\/\/test.capcargo.com\/en\/business-consultant-transport-logistik\/\"><span class=\"fusion-button-text\">Business Consultant<\/span><\/a><\/div><div class=\"fusion-clearfix\"><\/div><\/div><\/div><\/div><\/div>","protected":false},"excerpt":{"rendered":"","protected":false},"author":1,"featured_media":0,"parent":0,"menu_order":0,"comment_status":"closed","ping_status":"closed","template":"100-width.php","meta":{"footnotes":""},"class_list":["post-7040","page","type-page","status-publish","hentry"],"yoast_head":"<!-- This site is optimized with the Yoast SEO plugin v26.4 - https:\/\/yoast.com\/wordpress\/plugins\/seo\/ -->\n<title>Jobs \/ Karriere Schweiz - Alle unsere offenen Stellen in Kloten<\/title>\n<meta name=\"description\" content=\"Alle offenen Stellen in Kloten werden hier ver\u00f6ffentlicht. Wir freuen uns auch \u00fcber Spontanbewerbungen! Z\u00f6gern Sie nicht uns zu kontaktieren.\" \/>\n<meta name=\"robots\" content=\"index, follow, max-snippet:-1, max-image-preview:large, max-video-preview:-1\" \/>\n<link rel=\"canonical\" href=\"http:\/\/test.capcargo.com\/en\/jobs-career-switzerland\/\" \/>\n<meta property=\"og:locale\" content=\"en_GB\" \/>\n<meta property=\"og:type\" content=\"article\" \/>\n<meta property=\"og:title\" content=\"Jobs \/ Karriere Schweiz - Alle unsere offenen Stellen in Kloten\" \/>\n<meta property=\"og:description\" content=\"Alle offenen Stellen in Kloten werden hier ver\u00f6ffentlicht. Wir freuen uns auch \u00fcber Spontanbewerbungen! Z\u00f6gern Sie nicht uns zu kontaktieren.\" \/>\n<meta property=\"og:url\" content=\"http:\/\/test.capcargo.com\/en\/jobs-career-switzerland\/\" \/>\n<meta property=\"og:site_name\" content=\"CAPcargo AG\" \/>\n<meta property=\"article:publisher\" content=\"https:\/\/www.facebook.com\/CAPcargo-AG-148899175228689\/?__tn__=%2cd%2cP-R&amp;amp%3bamp%3bamp%3beid=ARDajVEENqGP07-hP2FbjlVQPnzMXxJ48es9a5k0-szcxZVzSmlPMU8fVJFjQf0I6Nm3DS3oS-5voKoW\" \/>\n<meta property=\"article:modified_time\" content=\"2020-08-07T12:33:51+00:00\" \/>\n<meta property=\"og:image\" content=\"http:\/\/test.capcargo.com\/wp-content\/uploads\/2019\/02\/logo-2-cmyk-e1550850224855.jpg\" \/>\n\t<meta property=\"og:image:width\" content=\"250\" \/>\n\t<meta property=\"og:image:height\" content=\"57\" \/>\n\t<meta property=\"og:image:type\" content=\"image\/jpeg\" \/>\n<meta name=\"twitter:card\" content=\"summary_large_image\" \/>\n<meta name=\"twitter:label1\" content=\"Estimated reading time\" \/>\n\t<meta name=\"twitter:data1\" content=\"3 minutes\" \/>\n<script type=\"application\/ld+json\" class=\"yoast-schema-graph\">{\"@context\":\"https:\/\/schema.org\",\"@graph\":[{\"@type\":\"WebPage\",\"@id\":\"http:\/\/test.capcargo.com\/jobs-career-switzerland\/\",\"url\":\"http:\/\/test.capcargo.com\/jobs-career-switzerland\/\",\"name\":\"Jobs \/ Karriere Schweiz - Alle unsere offenen Stellen in Kloten\",\"isPartOf\":{\"@id\":\"http:\/\/test.capcargo.com\/#website\"},\"datePublished\":\"2019-04-07T19:16:13+00:00\",\"dateModified\":\"2020-08-07T12:33:51+00:00\",\"description\":\"Alle offenen Stellen in Kloten werden hier ver\u00f6ffentlicht. Wir freuen uns auch \u00fcber Spontanbewerbungen! Z\u00f6gern Sie nicht uns zu kontaktieren.\",\"breadcrumb\":{\"@id\":\"http:\/\/test.capcargo.com\/jobs-career-switzerland\/#breadcrumb\"},\"inLanguage\":\"en-GB\",\"potentialAction\":[{\"@type\":\"ReadAction\",\"target\":[\"http:\/\/test.capcargo.com\/jobs-career-switzerland\/\"]}]},{\"@type\":\"BreadcrumbList\",\"@id\":\"http:\/\/test.capcargo.com\/jobs-career-switzerland\/#breadcrumb\",\"itemListElement\":[{\"@type\":\"ListItem\",\"position\":1,\"name\":\"Startseite\",\"item\":\"http:\/\/test.capcargo.com\/\"},{\"@type\":\"ListItem\",\"position\":2,\"name\":\"Jobs \/ Karriere Schweiz\"}]},{\"@type\":\"WebSite\",\"@id\":\"http:\/\/test.capcargo.com\/#website\",\"url\":\"http:\/\/test.capcargo.com\/\",\"name\":\"CAPcargo AG\",\"description\":\"Consulting and Software Applications for cargo industry\",\"publisher\":{\"@id\":\"http:\/\/test.capcargo.com\/#organization\"},\"potentialAction\":[{\"@type\":\"SearchAction\",\"target\":{\"@type\":\"EntryPoint\",\"urlTemplate\":\"http:\/\/test.capcargo.com\/?s={search_term_string}\"},\"query-input\":{\"@type\":\"PropertyValueSpecification\",\"valueRequired\":true,\"valueName\":\"search_term_string\"}}],\"inLanguage\":\"en-GB\"},{\"@type\":\"Organization\",\"@id\":\"http:\/\/test.capcargo.com\/#organization\",\"name\":\"CAPcargo AG\",\"url\":\"http:\/\/test.capcargo.com\/\",\"logo\":{\"@type\":\"ImageObject\",\"inLanguage\":\"en-GB\",\"@id\":\"http:\/\/test.capcargo.com\/#\/schema\/logo\/image\/\",\"url\":\"http:\/\/test.capcargo.com\/wp-content\/uploads\/2016\/08\/logo-1-rgb.jpg-40-skaliert-e1537188352869.jpg\",\"contentUrl\":\"http:\/\/test.capcargo.com\/wp-content\/uploads\/2016\/08\/logo-1-rgb.jpg-40-skaliert-e1537188352869.jpg\",\"width\":150,\"height\":35,\"caption\":\"CAPcargo AG\"},\"image\":{\"@id\":\"http:\/\/test.capcargo.com\/#\/schema\/logo\/image\/\"},\"sameAs\":[\"https:\/\/www.facebook.com\/CAPcargo-AG-148899175228689\/?__tn__=,d,P-R&amp;amp;amp;eid=ARDajVEENqGP07-hP2FbjlVQPnzMXxJ48es9a5k0-szcxZVzSmlPMU8fVJFjQf0I6Nm3DS3oS-5voKoW\",\"https:\/\/www.linkedin.com\/company\/capcargo-ag\/?viewAsMember=true\"]}]}<\/script>\n<!-- \/ Yoast SEO plugin. -->","yoast_head_json":{"title":"Jobs \/ Karriere Schweiz - Alle unsere offenen Stellen in Kloten","description":"Alle offenen Stellen in Kloten werden hier ver\u00f6ffentlicht. Wir freuen uns auch \u00fcber Spontanbewerbungen! Z\u00f6gern Sie nicht uns zu kontaktieren.","robots":{"index":"index","follow":"follow","max-snippet":"max-snippet:-1","max-image-preview":"max-image-preview:large","max-video-preview":"max-video-preview:-1"},"canonical":"http:\/\/test.capcargo.com\/en\/jobs-career-switzerland\/","og_locale":"en_GB","og_type":"article","og_title":"Jobs \/ Karriere Schweiz - Alle unsere offenen Stellen in Kloten","og_description":"Alle offenen Stellen in Kloten werden hier ver\u00f6ffentlicht. Wir freuen uns auch \u00fcber Spontanbewerbungen! Z\u00f6gern Sie nicht uns zu kontaktieren.","og_url":"http:\/\/test.capcargo.com\/en\/jobs-career-switzerland\/","og_site_name":"CAPcargo AG","article_publisher":"https:\/\/www.facebook.com\/CAPcargo-AG-148899175228689\/?__tn__=%2cd%2cP-R&amp%3bamp%3bamp%3beid=ARDajVEENqGP07-hP2FbjlVQPnzMXxJ48es9a5k0-szcxZVzSmlPMU8fVJFjQf0I6Nm3DS3oS-5voKoW","article_modified_time":"2020-08-07T12:33:51+00:00","og_image":[{"width":250,"height":57,"url":"http:\/\/test.capcargo.com\/wp-content\/uploads\/2019\/02\/logo-2-cmyk-e1550850224855.jpg","type":"image\/jpeg"}],"twitter_card":"summary_large_image","twitter_misc":{"Estimated reading time":"3 minutes"},"schema":{"@context":"https:\/\/schema.org","@graph":[{"@type":"WebPage","@id":"http:\/\/test.capcargo.com\/jobs-career-switzerland\/","url":"http:\/\/test.capcargo.com\/jobs-career-switzerland\/","name":"Jobs \/ Karriere Schweiz - Alle unsere offenen Stellen in Kloten","isPartOf":{"@id":"http:\/\/test.capcargo.com\/#website"},"datePublished":"2019-04-07T19:16:13+00:00","dateModified":"2020-08-07T12:33:51+00:00","description":"Alle offenen Stellen in Kloten werden hier ver\u00f6ffentlicht. Wir freuen uns auch \u00fcber Spontanbewerbungen! Z\u00f6gern Sie nicht uns zu kontaktieren.","breadcrumb":{"@id":"http:\/\/test.capcargo.com\/jobs-career-switzerland\/#breadcrumb"},"inLanguage":"en-GB","potentialAction":[{"@type":"ReadAction","target":["http:\/\/test.capcargo.com\/jobs-career-switzerland\/"]}]},{"@type":"BreadcrumbList","@id":"http:\/\/test.capcargo.com\/jobs-career-switzerland\/#breadcrumb","itemListElement":[{"@type":"ListItem","position":1,"name":"Startseite","item":"http:\/\/test.capcargo.com\/"},{"@type":"ListItem","position":2,"name":"Jobs \/ Karriere Schweiz"}]},{"@type":"WebSite","@id":"http:\/\/test.capcargo.com\/#website","url":"http:\/\/test.capcargo.com\/","name":"CAPcargo AG","description":"Consulting and Software Applications for cargo industry","publisher":{"@id":"http:\/\/test.capcargo.com\/#organization"},"potentialAction":[{"@type":"SearchAction","target":{"@type":"EntryPoint","urlTemplate":"http:\/\/test.capcargo.com\/?s={search_term_string}"},"query-input":{"@type":"PropertyValueSpecification","valueRequired":true,"valueName":"search_term_string"}}],"inLanguage":"en-GB"},{"@type":"Organization","@id":"http:\/\/test.capcargo.com\/#organization","name":"CAPcargo AG","url":"http:\/\/test.capcargo.com\/","logo":{"@type":"ImageObject","inLanguage":"en-GB","@id":"http:\/\/test.capcargo.com\/#\/schema\/logo\/image\/","url":"http:\/\/test.capcargo.com\/wp-content\/uploads\/2016\/08\/logo-1-rgb.jpg-40-skaliert-e1537188352869.jpg","contentUrl":"http:\/\/test.capcargo.com\/wp-content\/uploads\/2016\/08\/logo-1-rgb.jpg-40-skaliert-e1537188352869.jpg","width":150,"height":35,"caption":"CAPcargo AG"},"image":{"@id":"http:\/\/test.capcargo.com\/#\/schema\/logo\/image\/"},"sameAs":["https:\/\/www.facebook.com\/CAPcargo-AG-148899175228689\/?__tn__=,d,P-R&amp;amp;amp;eid=ARDajVEENqGP07-hP2FbjlVQPnzMXxJ48es9a5k0-szcxZVzSmlPMU8fVJFjQf0I6Nm3DS3oS-5voKoW","https:\/\/www.linkedin.com\/company\/capcargo-ag\/?viewAsMember=true"]}]}},"_links":{"self":[{"href":"http:\/\/test.capcargo.com\/en\/wp-json\/wp\/v2\/pages\/7040","targetHints":{"allow":["GET"]}}],"collection":[{"href":"http:\/\/test.capcargo.com\/en\/wp-json\/wp\/v2\/pages"}],"about":[{"href":"http:\/\/test.capcargo.com\/en\/wp-json\/wp\/v2\/types\/page"}],"author":[{"embeddable":true,"href":"http:\/\/test.capcargo.com\/en\/wp-json\/wp\/v2\/users\/1"}],"replies":[{"embeddable":true,"href":"http:\/\/test.capcargo.com\/en\/wp-json\/wp\/v2\/comments?post=7040"}],"version-history":[{"count":20,"href":"http:\/\/test.capcargo.com\/en\/wp-json\/wp\/v2\/pages\/7040\/revisions"}],"predecessor-version":[{"id":9902,"href":"http:\/\/test.capcargo.com\/en\/wp-json\/wp\/v2\/pages\/7040\/revisions\/9902"}],"wp:attachment":[{"href":"http:\/\/test.capcargo.com\/en\/wp-json\/wp\/v2\/media?parent=7040"}],"curies":[{"name":"wp","href":"https:\/\/api.w.org\/{rel}","templated":true}]}}